{"id":5477,"date":"2024-05-20T15:27:05","date_gmt":"2024-05-20T13:27:05","guid":{"rendered":"https:\/\/soritalia.com\/equipo\/"},"modified":"2025-05-30T12:50:36","modified_gmt":"2025-05-30T10:50:36","slug":"equipo","status":"publish","type":"page","link":"https:\/\/soritalia.com\/es\/equipo\/","title":{"rendered":"Equipo"},"content":{"rendered":"\n<div class=\"wp-block-stackable-columns alignfull stk-block-columns stk-has-bottom-separator stk-block stk-9feb2ef stk-block-background stk--has-background-overlay\" data-block-id=\"9feb2ef\"><style>.stk-9feb2ef:before{background-color:#000000 !important;opacity:0.5 !important;}.stk-9feb2ef {min-height:850px !important;align-items:center !important;margin-bottom:0px !important;display:flex !important;}.stk-9feb2ef > .stk-separator__bottom svg{fill:var(--theme-palette-color-6, #dbf0ff) !important;}.stk-9feb2ef > .stk-separator__bottom .stk-separator__wrapper{height:100px !important;}@media screen and (max-width:689px){.stk-9feb2ef > .stk-separator__bottom .stk-separator__wrapper{height:42px !important;}}<\/style><div class=\"stk-row stk-inner-blocks stk-block-content stk-content-align stk-9feb2ef-column\">\n<div class=\"wp-block-stackable-column stk-block-column stk-column stk-block stk-baf348d\" data-v=\"4\" data-block-id=\"baf348d\"><style>.stk-baf348d-inner-blocks{justify-content:center !important;}.stk-baf348d {margin-top:150px !important;}<\/style><div class=\"stk-column-wrapper stk-block-column__content stk-container stk-baf348d-container stk--no-background stk--no-padding\"><div class=\"stk--column-flex stk-block-content stk-inner-blocks stk-baf348d-inner-blocks\">\n<div class=\"wp-block-stackable-heading stk-block-heading stk-block-heading--v2 stk-block stk-1af2a20\" id=\"strong-il-team-di-sori-strong\" data-block-id=\"1af2a20\"><style>.stk-1af2a20 {margin-bottom:0px !important;}.stk-1af2a20 .stk-block-heading__text{font-size:80px !important;color:var(--theme-palette-color-8, #ffffff) !important;}@media screen and (max-width:999px){.stk-1af2a20 .stk-block-heading__text{font-size:50px !important;}}<\/style><h2 class=\"stk-block-heading__text has-text-color has-text-align-center\"><strong>El equipo Sor\u00ec<\/strong><\/h2><\/div>\n\n\n\n<div class=\"wp-block-stackable-button-group stk-block-button-group stk-block stk-a28f4f2\" data-block-id=\"a28f4f2\"><style>.stk-a28f4f2 .stk-button-group{flex-direction:row !important;}@media screen and (max-width:999px){.stk-a28f4f2 .stk-button-group{flex-direction:row !important;}}@media screen and (max-width:689px){.stk-a28f4f2 .stk-button-group{flex-direction:row !important;}}<\/style><div class=\"stk-row stk-inner-blocks has-text-align-center stk-block-content stk-button-group\">\n<div class=\"wp-block-stackable-button stk-block-button stk-block stk-84ee89c\" data-block-id=\"84ee89c\"><style>.stk-84ee89c .stk-button{background:var(--theme-palette-color-1, #0c2340) !important;}.stk-84ee89c .stk-button:hover:after{background:var(--theme-palette-color-2, #046fa0) !important;opacity:1 !important;}.stk-84ee89c .stk-button__inner-text{font-size:18px !important;text-transform:uppercase !important;font-family:\"Bebas Neue\", Sans-serif !important;letter-spacing:1px !important;}@media screen and (max-width:999px){.stk-84ee89c .stk-button__inner-text{font-size:18px !important;}}<\/style><a class=\"stk-link stk-button stk--hover-effect-darken\" href=\"https:\/\/soritalia.com\/es\/establecimiento\/\" title=\"Contactos Sori\"><span class=\"stk-button__inner-text\">Establecimiento<\/span><\/a><\/div>\n\n\n\n<div class=\"wp-block-stackable-button stk-block-button stk-block stk-fb697c8\" data-block-id=\"fb697c8\"><style>.stk-fb697c8 .stk-button:hover:after{background:var(--theme-palette-color-4, #192a3d) !important;opacity:1 !important;}.stk-fb697c8 .stk-button__inner-text{font-size:18px !important;text-transform:uppercase !important;font-family:\"Bebas Neue\", Sans-serif !important;letter-spacing:1px !important;}@media screen and (max-width:999px){.stk-fb697c8 .stk-button__inner-text{font-size:18px !important;}}<\/style><a class=\"stk-link stk-button stk--hover-effect-darken\" href=\"https:\/\/soritalia.com\/es\/certificaciones\/\"><span class=\"stk-button__inner-text\">Nuestras certificaciones<\/span><\/a><\/div>\n<\/div><\/div>\n<\/div><\/div><\/div>\n<\/div><div class=\"stk-separator stk-separator__bottom\"><div class=\"stk-separator__wrapper\"><svg xmlns=\"http:\/\/www.w3.org\/2000\/svg\" viewBox=\"0 0 1600 200\" class=\"stk-separator__layer-1\" preserveAspectRatio=\"none\" aria-hidden=\"true\"><path class=\"curve-3_svg__st1\" d=\"M-6.7 13.4S456 171.1 876.1 171.1 1606.4 16 1606.4 16v192.6H-6.7V13.4z\"><\/path><\/svg><svg xmlns=\"http:\/\/www.w3.org\/2000\/svg\" viewBox=\"0 0 1600 200\" preserveAspectRatio=\"none\" class=\"stk-separator__layer-2\" aria-hidden=\"true\"><path class=\"curve-3-layer-2_svg__st0\" d=\"M-6.7 35.4s306.3 85.3 726.4 85.3 886.7-87.9 886.7-87.9v175.8H-6.7V35.4z\"><\/path><\/svg><svg xmlns=\"http:\/\/www.w3.org\/2000\/svg\" viewBox=\"0 0 1600 200\" preserveAspectRatio=\"none\" class=\"stk-separator__layer-3\" aria-hidden=\"true\"><path class=\"curve-3-layer-3_svg__st0\" d=\"M-6.7 1.7s531.2 148.6 951.3 148.6S1606.4 16 1606.4 16v192.6H-6.7V1.7z\"><\/path><\/svg><\/div><\/div><video class=\"stk-video-background\" autoplay muted loop playsinline src=\"https:\/\/soritalia.com\/wp-content\/uploads\/2024\/08\/TEAM_sori.mp4\" poster=\"\"><\/video><\/div>\n\n<div class=\"wp-block-stackable-columns alignfull stk-block-columns stk-block stk-9805d2f stk-block-background\" data-block-id=\"9805d2f\"><style>.stk-9805d2f .stk--block-align-9805d2f{align-items:center !important;}.stk-9805d2f {background-color:var(--theme-palette-color-6, #dbf0ff) !important;align-items:center !important;margin-bottom:33px !important;display:flex !important;}.stk-9805d2f:before{background-color:var(--theme-palette-color-6, #dbf0ff) !important;}<\/style><div class=\"stk-row stk-inner-blocks stk--block-align-9805d2f stk-block-content stk-content-align stk-9805d2f-column\">\n<div class=\"wp-block-stackable-column stk-block-column stk-column stk-block stk-b6b0665\" data-v=\"4\" data-block-id=\"b6b0665\"><style>.stk-b6b0665 {align-self:flex-start !important;}<\/style><div class=\"stk-column-wrapper stk-block-column__content stk-container stk-b6b0665-container stk--no-background stk--no-padding\"><div class=\"stk-block-content stk-inner-blocks stk-b6b0665-inner-blocks\">\n<h2 class=\"wp-block-heading\"><strong>La fuerza detr\u00e1s de nuestra excelencia quesera<\/strong><\/h2>\n\n\n\n<p>El equipo Sor\u00ec trabaja incansablemente entre bastidores para hacer avanzar nuestra misi\u00f3n de excelencia en la industria l\u00e1ctea.<br\/>Cada miembro de nuestro equipo aporta una mezcla \u00fanica de talento, experiencia y pasi\u00f3n, contribuyendo al \u00e9xito de la empresa y a su continuo crecimiento.<\/p>\n\n\n\n<p>Gracias a la dedicaci\u00f3n de nuestro equipo, podemos mantener altos niveles de calidad en la producci\u00f3n.<\/p>\n\n\n\n<p>La atenci\u00f3n al detalle y el compromiso con la innovaci\u00f3n nos permiten ofrecer a nuestros clientes productos l\u00e1cteos de primera calidad apreciados en todo el mundo.<\/p>\n<\/div><\/div><\/div>\n\n\n\n<div class=\"wp-block-stackable-column stk-block-column stk-column stk-block stk-410e67c\" data-v=\"4\" data-block-id=\"410e67c\"><div class=\"stk-column-wrapper stk-block-column__content stk-container stk-410e67c-container stk--no-background stk--no-padding\"><div class=\"stk-block-content stk-inner-blocks stk-410e67c-inner-blocks\">\n<div class=\"wp-block-stackable-image stk-block-image stk-block stk-1a6c00c\" data-block-id=\"1a6c00c\"><style>.stk-1a6c00c .stk-img-figcaption{text-align:center !important;font-size:13px !important;line-height:3em !important;font-family:\"Merriweather\", Sans-serif !important;}.stk-1a6c00c {border-top-left-radius:0px !important;border-top-right-radius:0px !important;border-bottom-right-radius:0px !important;border-bottom-left-radius:0px !important;overflow:hidden !important;}.stk-1a6c00c .stk-img-wrapper{height:500px !important;}@media screen and (max-width:999px){.stk-1a6c00c .stk-img-figcaption{font-size:13px !important;}}<\/style><figure><span class=\"stk-img-wrapper stk-image--shape-stretch\"><img loading=\"lazy\" decoding=\"async\" class=\"stk-img wp-image-2114\" src=\"https:\/\/soritalia.com\/wp-content\/uploads\/2024\/08\/gaetano_antonello_sorrentino.jpg\" width=\"600\" height=\"650\" alt=\"Equipo\" srcset=\"https:\/\/soritalia.com\/wp-content\/uploads\/2024\/08\/gaetano_antonello_sorrentino.jpg 600w, https:\/\/soritalia.com\/wp-content\/uploads\/2024\/08\/gaetano_antonello_sorrentino-277x300.jpg 277w\" sizes=\"auto, (max-width: 600px) 100vw, 600px\" \/><\/span><figcaption class=\"stk-img-figcaption\">\u201cGaetano Sorrentino, Co-Owner di Sor\u00ec e Antonello Sorrentino, CEO di Sor\u00ec\u201d<\/figcaption><\/figure><\/div>\n<\/div><\/div><\/div>\n<\/div><\/div>\n\n<div class=\"wp-block-stackable-columns stk-block-columns stk-block stk-73c74db\" data-block-id=\"73c74db\"><style>.stk-73c74db {min-height:400px !important;align-items:center !important;margin-bottom:100px !important;display:flex !important;}<\/style><div class=\"stk-row stk-inner-blocks stk-block-content stk-content-align stk-73c74db-column\">\n<div class=\"wp-block-stackable-column stk-block-column stk-column stk-block stk-a2af457\" data-v=\"4\" data-block-id=\"a2af457\"><div class=\"stk-column-wrapper stk-block-column__content stk-container stk-a2af457-container stk--no-background stk--no-padding\"><div class=\"stk-block-content stk-inner-blocks stk-a2af457-inner-blocks\">\n<h2 class=\"wp-block-heading has-text-align-center\"><strong>Funciones clave hacia la excelencia<\/strong><\/h2>\n\n\n\n<p class=\"has-text-align-center\">Cada departamento desempe\u00f1a un papel clave en nuestro camino hacia la excelencia. <br\/>La sinergia entre los distintos equipos garantiza que cada etapa de la producci\u00f3n, desde la leche fresca hasta el envasado final, cumpla nuestros elevados est\u00e1ndares de calidad.<br\/>Este compromiso colectivo nos permite satisfacer las expectativas de nuestros clientes y mantener nuestra reputaci\u00f3n de l\u00edderes en la industria l\u00e1ctea.<\/p>\n<\/div><\/div><\/div>\n<\/div><\/div>\n","protected":false},"excerpt":{"rendered":"<p>El equipo Sor\u00ec Establecimiento Nuestras certificaciones La fuerza detr\u00e1s de nuestra excelencia quesera El equipo Sor\u00ec trabaja incansablemente entre bastidores para hacer avanzar nuestra misi\u00f3n de excelencia en la industria l\u00e1ctea.Cada miembro de nuestro equipo aporta una mezcla \u00fanica de talento, experiencia y pasi\u00f3n, contribuyendo al \u00e9xito de la empresa y a su continuo crecimiento. [&hellip;]<\/p>\n","protected":false},"author":4,"featured_media":5135,"parent":0,"menu_order":146,"comment_status":"closed","ping_status":"closed","template":"","meta":{"_acf_changed":false,"iawp_total_views":16,"footnotes":""},"class_list":["post-5477","page","type-page","status-publish","has-post-thumbnail","hentry"],"blocksy_meta":[],"acf":[],"yoast_head":"<!-- This site is optimized with the Yoast SEO plugin v27.4 - https:\/\/yoast.com\/product\/yoast-seo-wordpress\/ -->\n<title>Equipo - Sor\u00ec Italia srl<\/title>\n<meta name=\"robots\" content=\"index, follow, max-snippet:-1, max-image-preview:large, max-video-preview:-1\" \/>\n<link rel=\"canonical\" href=\"https:\/\/soritalia.com\/es\/equipo\/\" \/>\n<meta property=\"og:locale\" content=\"es_ES\" \/>\n<meta property=\"og:type\" content=\"article\" \/>\n<meta property=\"og:title\" content=\"Equipo - Sor\u00ec Italia srl\" \/>\n<meta property=\"og:description\" content=\"El equipo Sor\u00ec Establecimiento Nuestras certificaciones La fuerza detr\u00e1s de nuestra excelencia quesera El equipo Sor\u00ec trabaja incansablemente entre bastidores para hacer avanzar nuestra misi\u00f3n de excelencia en la industria l\u00e1ctea.Cada miembro de nuestro equipo aporta una mezcla \u00fanica de talento, experiencia y pasi\u00f3n, contribuyendo al \u00e9xito de la empresa y a su continuo crecimiento. [&hellip;]\" \/>\n<meta property=\"og:url\" content=\"https:\/\/soritalia.com\/es\/equipo\/\" \/>\n<meta property=\"og:site_name\" content=\"Sor\u00ec Italia srl\" \/>\n<meta property=\"article:modified_time\" content=\"2025-05-30T10:50:36+00:00\" \/>\n<meta property=\"og:image\" content=\"https:\/\/soritalia.com\/wp-content\/uploads\/2024\/10\/logo_sori_big.jpg\" \/>\n\t<meta property=\"og:image:width\" content=\"1920\" \/>\n\t<meta property=\"og:image:height\" content=\"1080\" \/>\n\t<meta property=\"og:image:type\" content=\"image\/jpeg\" \/>\n<meta name=\"twitter:card\" content=\"summary_large_image\" \/>\n<meta name=\"twitter:label1\" content=\"Est. reading time\" \/>\n\t<meta name=\"twitter:data1\" content=\"1 minute\" \/>\n<script type=\"application\/ld+json\" class=\"yoast-schema-graph\">{\"@context\":\"https:\\\/\\\/schema.org\",\"@graph\":[{\"@type\":\"WebPage\",\"@id\":\"https:\\\/\\\/soritalia.com\\\/es\\\/equipo\\\/\",\"url\":\"https:\\\/\\\/soritalia.com\\\/es\\\/equipo\\\/\",\"name\":\"Equipo - Sor\u00ec Italia srl\",\"isPartOf\":{\"@id\":\"https:\\\/\\\/soritalia.com\\\/es\\\/#website\"},\"primaryImageOfPage\":{\"@id\":\"https:\\\/\\\/soritalia.com\\\/es\\\/equipo\\\/#primaryimage\"},\"image\":{\"@id\":\"https:\\\/\\\/soritalia.com\\\/es\\\/equipo\\\/#primaryimage\"},\"thumbnailUrl\":\"https:\\\/\\\/soritalia.com\\\/wp-content\\\/uploads\\\/2024\\\/10\\\/logo_sori_big.jpg\",\"datePublished\":\"2024-05-20T13:27:05+00:00\",\"dateModified\":\"2025-05-30T10:50:36+00:00\",\"breadcrumb\":{\"@id\":\"https:\\\/\\\/soritalia.com\\\/es\\\/equipo\\\/#breadcrumb\"},\"inLanguage\":\"es-ES\",\"potentialAction\":[{\"@type\":\"ReadAction\",\"target\":[\"https:\\\/\\\/soritalia.com\\\/es\\\/equipo\\\/\"]}]},{\"@type\":\"ImageObject\",\"inLanguage\":\"es-ES\",\"@id\":\"https:\\\/\\\/soritalia.com\\\/es\\\/equipo\\\/#primaryimage\",\"url\":\"https:\\\/\\\/soritalia.com\\\/wp-content\\\/uploads\\\/2024\\\/10\\\/logo_sori_big.jpg\",\"contentUrl\":\"https:\\\/\\\/soritalia.com\\\/wp-content\\\/uploads\\\/2024\\\/10\\\/logo_sori_big.jpg\",\"width\":1920,\"height\":1080,\"caption\":\"Famiglia Soritalia\"},{\"@type\":\"BreadcrumbList\",\"@id\":\"https:\\\/\\\/soritalia.com\\\/es\\\/equipo\\\/#breadcrumb\",\"itemListElement\":[{\"@type\":\"ListItem\",\"position\":1,\"name\":\"Home\",\"item\":\"https:\\\/\\\/soritalia.com\\\/es\\\/\"},{\"@type\":\"ListItem\",\"position\":2,\"name\":\"Equipo\"}]},{\"@type\":\"WebSite\",\"@id\":\"https:\\\/\\\/soritalia.com\\\/es\\\/#website\",\"url\":\"https:\\\/\\\/soritalia.com\\\/es\\\/\",\"name\":\"Sor\u00ec Italia\",\"description\":\"Produzioni casearie di Bufala Campana DOP dal 1868\",\"publisher\":{\"@id\":\"https:\\\/\\\/soritalia.com\\\/es\\\/#organization\"},\"potentialAction\":[{\"@type\":\"SearchAction\",\"target\":{\"@type\":\"EntryPoint\",\"urlTemplate\":\"https:\\\/\\\/soritalia.com\\\/es\\\/?s={search_term_string}\"},\"query-input\":{\"@type\":\"PropertyValueSpecification\",\"valueRequired\":true,\"valueName\":\"search_term_string\"}}],\"inLanguage\":\"es-ES\"},{\"@type\":\"Organization\",\"@id\":\"https:\\\/\\\/soritalia.com\\\/es\\\/#organization\",\"name\":\"Sor\u00ec Italia\",\"url\":\"https:\\\/\\\/soritalia.com\\\/es\\\/\",\"logo\":{\"@type\":\"ImageObject\",\"inLanguage\":\"es-ES\",\"@id\":\"https:\\\/\\\/soritalia.com\\\/es\\\/#\\\/schema\\\/logo\\\/image\\\/\",\"url\":\"https:\\\/\\\/soritalia.com\\\/wp-content\\\/uploads\\\/2024\\\/05\\\/Sori-Italia-logo.svg\",\"contentUrl\":\"https:\\\/\\\/soritalia.com\\\/wp-content\\\/uploads\\\/2024\\\/05\\\/Sori-Italia-logo.svg\",\"width\":427,\"height\":390,\"caption\":\"Sor\u00ec Italia\"},\"image\":{\"@id\":\"https:\\\/\\\/soritalia.com\\\/es\\\/#\\\/schema\\\/logo\\\/image\\\/\"},\"sameAs\":[\"https:\\\/\\\/www.instagram.com\\\/sori_italia\\\/\"]}]}<\/script>\n<!-- \/ Yoast SEO plugin. -->","yoast_head_json":{"title":"Equipo - Sor\u00ec Italia srl","robots":{"index":"index","follow":"follow","max-snippet":"max-snippet:-1","max-image-preview":"max-image-preview:large","max-video-preview":"max-video-preview:-1"},"canonical":"https:\/\/soritalia.com\/es\/equipo\/","og_locale":"es_ES","og_type":"article","og_title":"Equipo - Sor\u00ec Italia srl","og_description":"El equipo Sor\u00ec Establecimiento Nuestras certificaciones La fuerza detr\u00e1s de nuestra excelencia quesera El equipo Sor\u00ec trabaja incansablemente entre bastidores para hacer avanzar nuestra misi\u00f3n de excelencia en la industria l\u00e1ctea.Cada miembro de nuestro equipo aporta una mezcla \u00fanica de talento, experiencia y pasi\u00f3n, contribuyendo al \u00e9xito de la empresa y a su continuo crecimiento. [&hellip;]","og_url":"https:\/\/soritalia.com\/es\/equipo\/","og_site_name":"Sor\u00ec Italia srl","article_modified_time":"2025-05-30T10:50:36+00:00","og_image":[{"width":1920,"height":1080,"url":"https:\/\/soritalia.com\/wp-content\/uploads\/2024\/10\/logo_sori_big.jpg","type":"image\/jpeg"}],"twitter_card":"summary_large_image","twitter_misc":{"Est. reading time":"1 minute"},"schema":{"@context":"https:\/\/schema.org","@graph":[{"@type":"WebPage","@id":"https:\/\/soritalia.com\/es\/equipo\/","url":"https:\/\/soritalia.com\/es\/equipo\/","name":"Equipo - Sor\u00ec Italia srl","isPartOf":{"@id":"https:\/\/soritalia.com\/es\/#website"},"primaryImageOfPage":{"@id":"https:\/\/soritalia.com\/es\/equipo\/#primaryimage"},"image":{"@id":"https:\/\/soritalia.com\/es\/equipo\/#primaryimage"},"thumbnailUrl":"https:\/\/soritalia.com\/wp-content\/uploads\/2024\/10\/logo_sori_big.jpg","datePublished":"2024-05-20T13:27:05+00:00","dateModified":"2025-05-30T10:50:36+00:00","breadcrumb":{"@id":"https:\/\/soritalia.com\/es\/equipo\/#breadcrumb"},"inLanguage":"es-ES","potentialAction":[{"@type":"ReadAction","target":["https:\/\/soritalia.com\/es\/equipo\/"]}]},{"@type":"ImageObject","inLanguage":"es-ES","@id":"https:\/\/soritalia.com\/es\/equipo\/#primaryimage","url":"https:\/\/soritalia.com\/wp-content\/uploads\/2024\/10\/logo_sori_big.jpg","contentUrl":"https:\/\/soritalia.com\/wp-content\/uploads\/2024\/10\/logo_sori_big.jpg","width":1920,"height":1080,"caption":"Famiglia Soritalia"},{"@type":"BreadcrumbList","@id":"https:\/\/soritalia.com\/es\/equipo\/#breadcrumb","itemListElement":[{"@type":"ListItem","position":1,"name":"Home","item":"https:\/\/soritalia.com\/es\/"},{"@type":"ListItem","position":2,"name":"Equipo"}]},{"@type":"WebSite","@id":"https:\/\/soritalia.com\/es\/#website","url":"https:\/\/soritalia.com\/es\/","name":"Sor\u00ec Italia","description":"Produzioni casearie di Bufala Campana DOP dal 1868","publisher":{"@id":"https:\/\/soritalia.com\/es\/#organization"},"potentialAction":[{"@type":"SearchAction","target":{"@type":"EntryPoint","urlTemplate":"https:\/\/soritalia.com\/es\/?s={search_term_string}"},"query-input":{"@type":"PropertyValueSpecification","valueRequired":true,"valueName":"search_term_string"}}],"inLanguage":"es-ES"},{"@type":"Organization","@id":"https:\/\/soritalia.com\/es\/#organization","name":"Sor\u00ec Italia","url":"https:\/\/soritalia.com\/es\/","logo":{"@type":"ImageObject","inLanguage":"es-ES","@id":"https:\/\/soritalia.com\/es\/#\/schema\/logo\/image\/","url":"https:\/\/soritalia.com\/wp-content\/uploads\/2024\/05\/Sori-Italia-logo.svg","contentUrl":"https:\/\/soritalia.com\/wp-content\/uploads\/2024\/05\/Sori-Italia-logo.svg","width":427,"height":390,"caption":"Sor\u00ec Italia"},"image":{"@id":"https:\/\/soritalia.com\/es\/#\/schema\/logo\/image\/"},"sameAs":["https:\/\/www.instagram.com\/sori_italia\/"]}]}},"_links":{"self":[{"href":"https:\/\/soritalia.com\/es\/wp-json\/wp\/v2\/pages\/5477","targetHints":{"allow":["GET"]}}],"collection":[{"href":"https:\/\/soritalia.com\/es\/wp-json\/wp\/v2\/pages"}],"about":[{"href":"https:\/\/soritalia.com\/es\/wp-json\/wp\/v2\/types\/page"}],"author":[{"embeddable":true,"href":"https:\/\/soritalia.com\/es\/wp-json\/wp\/v2\/users\/4"}],"replies":[{"embeddable":true,"href":"https:\/\/soritalia.com\/es\/wp-json\/wp\/v2\/comments?post=5477"}],"version-history":[{"count":0,"href":"https:\/\/soritalia.com\/es\/wp-json\/wp\/v2\/pages\/5477\/revisions"}],"wp:featuredmedia":[{"embeddable":true,"href":"https:\/\/soritalia.com\/es\/wp-json\/wp\/v2\/media\/5135"}],"wp:attachment":[{"href":"https:\/\/soritalia.com\/es\/wp-json\/wp\/v2\/media?parent=5477"}],"curies":[{"name":"wp","href":"https:\/\/api.w.org\/{rel}","templated":true}]}}