{"id":5604,"date":"2024-08-26T13:49:14","date_gmt":"2024-08-26T11:49:14","guid":{"rendered":"https:\/\/soritalia.com\/trabaja-con-nosotros\/"},"modified":"2025-05-30T12:51:15","modified_gmt":"2025-05-30T10:51:15","slug":"trabaja-con-nosotros","status":"publish","type":"page","link":"https:\/\/soritalia.com\/es\/trabaja-con-nosotros\/","title":{"rendered":"Trabaja con nosotros"},"content":{"rendered":"\n<div class=\"wp-block-stackable-columns stk-block-columns stk-block stk-1a0b932\" data-block-id=\"1a0b932\"><div class=\"stk-row stk-inner-blocks stk-block-content stk-content-align stk-1a0b932-column\">\n<div class=\"wp-block-stackable-column stk-block-column stk-column stk-block stk-dddc7fd\" data-v=\"4\" data-block-id=\"dddc7fd\"><div class=\"stk-column-wrapper stk-block-column__content stk-container stk-dddc7fd-container stk--no-background stk--no-padding\"><div class=\"stk-block-content stk-inner-blocks stk-dddc7fd-inner-blocks\">\n<div class=\"wp-block-stackable-heading stk-block-heading stk-block-heading--v2 stk-block stk-ab9744a\" id=\"span-data-stk-dynamic-current-page-post-title-contenteditable-false-class-stk-dynamic-content-lavora-con-noi-span\" data-block-id=\"ab9744a\"><h1 class=\"stk-block-heading__text\">Trabaja con nosotros<\/h1><\/div>\n\n\n<figure class=\"wp-block-post-featured-image\"><img loading=\"lazy\" decoding=\"async\" width=\"1000\" height=\"667\" src=\"https:\/\/soritalia.com\/wp-content\/uploads\/2024\/08\/1_stabilimento_sori.jpg\" class=\"attachment-post-thumbnail size-post-thumbnail wp-post-image\" alt=\"Stabilimento\" style=\"object-fit:cover;\" srcset=\"https:\/\/soritalia.com\/wp-content\/uploads\/2024\/08\/1_stabilimento_sori.jpg 1000w, https:\/\/soritalia.com\/wp-content\/uploads\/2024\/08\/1_stabilimento_sori-300x200.jpg 300w, https:\/\/soritalia.com\/wp-content\/uploads\/2024\/08\/1_stabilimento_sori-768x512.jpg 768w\" sizes=\"auto, (max-width: 1000px) 100vw, 1000px\" \/><\/figure>\n\n\n<p>Nuestros productos son el resultado de la pericia, la experiencia y la dedicaci\u00f3n a nuestro oficio.  <\/p>\n\n\n\n<p>Las personas de nuestro equipo son la clave de nuestro \u00e9xito. Buscar empleados brillantes y apasionados es nuestra misi\u00f3n <\/p>\n<\/div><\/div><\/div>\n\n\n\n<div class=\"wp-block-stackable-column stk-block-column stk-column stk-block stk-8379cd6\" data-v=\"4\" data-block-id=\"8379cd6\"><style>.stk-8379cd6-container{background-color:var(--theme-palette-color-5,#e1e8ed) !important;border-top-left-radius:20px !important;border-top-right-radius:20px !important;border-bottom-right-radius:20px !important;border-bottom-left-radius:20px !important;overflow:hidden !important}.stk-8379cd6-container:before{background-color:var(--theme-palette-color-5,#e1e8ed) !important}<\/style><div class=\"stk-column-wrapper stk-block-column__content stk-container stk-8379cd6-container stk-hover-parent\"><div class=\"stk-block-content stk-inner-blocks stk-8379cd6-inner-blocks\"><div class='fluentform ff-inherit-theme-style fluentform_wrapper_3  ff_guten_block ff_guten_block-3'><form data-form_id=\"3\" id=\"fluentform_3\" class=\"frm-fluent-form fluent_form_3 ff-el-form-top ff_form_instance_3_1 ff-form-loading ff_has_v3_recptcha ffs_inherit_theme\" data-form_instance=\"ff_form_instance_3_1\" method=\"POST\" data-recptcha_key=\"6LcR-8AqAAAAACzve57ccpselDR_ignNZfj5ATy3\" ><fieldset  style=\"border: none!important;margin: 0!important;padding: 0!important;background-color: transparent!important;box-shadow: none!important;outline: none!important; min-inline-size: 100%;\">\n                    <legend class=\"ff_screen_reader_title\" style=\"display: block; margin: 0!important;padding: 0!important;height: 0!important;text-indent: -999999px;width: 0!important;overflow:hidden;\">Lavora con noi<\/legend><input type='hidden' name='__fluent_form_embded_post_id' value='5604' \/><input type=\"hidden\" id=\"_fluentform_3_fluentformnonce\" name=\"_fluentform_3_fluentformnonce\" value=\"66d029fa6d\" \/><input type=\"hidden\" name=\"_wp_http_referer\" value=\"\/es\/wp-json\/wp\/v2\/pages\/5604\" \/><div data-type=\"name-element\" data-name=\"names\" class=\" ff-field_container ff-name-field-wrapper\" ><div class='ff-t-container'><div class='ff-t-cell '><div class='ff-el-group'><div class=\"ff-el-input--label ff-el-is-required asterisk-right\"><label for='ff_3_names_first_name_' id='label_ff_3_names_first_name_' >Nome<\/label><\/div><div class='ff-el-input--content'><input type=\"text\" name=\"names[first_name]\" id=\"ff_3_names_first_name_\" class=\"ff-el-form-control\" placeholder=\"Nome\" aria-invalid=\"false\" aria-required=true><\/div><\/div><\/div><div class='ff-t-cell '><div class='ff-el-group'><div class=\"ff-el-input--label ff-el-is-required asterisk-right\"><label for='ff_3_names_last_name_' id='label_ff_3_names_last_name_' >Cognome<\/label><\/div><div class='ff-el-input--content'><input type=\"text\" name=\"names[last_name]\" id=\"ff_3_names_last_name_\" class=\"ff-el-form-control\" placeholder=\"Cognome\" aria-invalid=\"false\" aria-required=true><\/div><\/div><\/div><\/div><\/div><div data-name=\"ff_cn_id_1\"  class='ff-t-container ff-column-container ff_columns_total_2 '><div class='ff-t-cell ff-t-column-1' style='flex-basis: 50%;'><div class='ff-el-group'><div class=\"ff-el-input--label ff-el-is-required asterisk-right\"><label for='ff_3_email' id='label_ff_3_email' aria-label=\"Email\">Email<\/label><\/div><div class='ff-el-input--content'><input type=\"email\" name=\"email\" id=\"ff_3_email\" class=\"ff-el-form-control\" placeholder=\"Email\" data-name=\"email\"  aria-invalid=\"false\" aria-required=true><\/div><\/div><\/div><div class='ff-t-cell ff-t-column-2' style='flex-basis: 50%;'><div class='ff-el-group'><div class=\"ff-el-input--label asterisk-right\"><label for='ff_3_input_text' id='label_ff_3_input_text' aria-label=\"Telefono\">Telefono<\/label><\/div><div class='ff-el-input--content'><input type=\"text\" name=\"input_text\" class=\"ff-el-form-control\" placeholder=\"Telefono\" data-name=\"input_text\" id=\"ff_3_input_text\"  aria-invalid=\"false\" aria-required=false><\/div><\/div><\/div><\/div><div class='ff-el-group'><div class=\"ff-el-input--label ff-el-is-required asterisk-right\"><label for='ff_3_message' id='label_ff_3_message' aria-label=\"Breve Presentazione personale\">Breve Presentazione personale<\/label><\/div><div class='ff-el-input--content'><textarea aria-required=\"true\" aria-labelledby=\"label_ff_3_message\" name=\"message\" id=\"ff_3_message\" class=\"ff-el-form-control\" placeholder=\" (max 2000 caratteri)\" rows=\"4\" cols=\"2\" data-name=\"message\" ><\/textarea><\/div><\/div><div class='ff-el-group'><div class=\"ff-el-input--label asterisk-right\"><label for='ff_3_file-upload_1' id='label_ff_3_file-upload_1' aria-label=\"Allega curriculum vitae - File consentidi: PDF, WORD, JPG - Max 5 Mb\">Allega curriculum vitae &#8211; File consentidi: PDF, WORD, JPG &#8211; Max 5 Mb<\/label><\/div><div class='ff-el-input--content'><label for='ff_3_file-upload_1' class='ff_file_upload_holder'><span class='ff_upload_btn ff-btn' tabindex='0'>Allega curriculum vitae<\/span> <input type=\"file\" name=\"file-upload\" id=\"ff_3_file-upload_1\" class=\"ff-el-form-control  ff-screen-reader-element\" data-name=\"file-upload\" multiple=\"1\"  aria-invalid='false' aria-required=false><\/label><\/div><\/div><div class='ff-el-group    ff-el-input--content'><div class='ff-el-form-check ff-el-tc'><label aria-label='Autorizzo il trattamento dei miei dati personali presenti nel cv ai sensi del Decreto Legislativo 30 giugno 2003, n. 196 \u201cCodice in materia di protezione dei dati personali\u201d e del GDPR (Regolamento UE 2016\/679).' class='ff-el-form-check-label ff_tc_label' for=terms-n-condition_b8b1c3d0044c7936b5288d672621e8b5><span class='ff_tc_checkbox'><input type=\"checkbox\" name=\"terms-n-condition\" class=\"ff-el-form-check-input\" data-name=\"terms-n-condition\" id=\"terms-n-condition_b8b1c3d0044c7936b5288d672621e8b5\"  value='on' aria-invalid='false' aria-required=false><\/span> <div class='ff_t_c'><p>Autorizzo il trattamento dei miei dati personali presenti nel cv ai sensi del Decreto Legislativo 30 giugno 2003, n. 196 \u201cCodice in materia di protezione dei dati personali\u201d e del GDPR (Regolamento UE 2016\/679).<\/p><\/div><\/label><\/div><\/div><div class='ff-el-group ff-text-left ff_submit_btn_wrapper ff_submit_btn_wrapper_custom'><button class=\"ff-btn ff-btn-submit ff-btn-lg ff_btn_style\" type=\"submit\" name=\"custom_submit_button-3_1\" data-name=\"custom_submit_button-3_1\"  aria-label=\"invia la tua candidatura\">invia la tua candidatura<\/button><style>form.fluent_form_3 .ff-btn-submit { background-color: #1a7efb; color: #ffffff; }<\/style><\/div><\/fieldset><\/form><div id='fluentform_3_errors' class='ff-errors-in-stack ff_form_instance_3_1 ff-form-loading_errors ff_form_instance_3_1_errors'><\/div><\/div>            <script type=\"text\/javascript\">\n                window.fluent_form_ff_form_instance_3_1 = {\"id\":\"3\",\"ajaxUrl\":\"https:\\\/\\\/soritalia.com\\\/wp-admin\\\/admin-ajax.php\",\"settings\":{\"layout\":{\"labelPlacement\":\"top\",\"helpMessagePlacement\":\"with_label\",\"errorMessagePlacement\":\"inline\",\"cssClassName\":\"\",\"asteriskPlacement\":\"asterisk-right\"},\"restrictions\":{\"denyEmptySubmission\":{\"enabled\":false}}},\"form_instance\":\"ff_form_instance_3_1\",\"form_id_selector\":\"fluentform_3\",\"rules\":{\"names[first_name]\":{\"required\":{\"value\":true,\"message\":\"This field is required\",\"global\":false,\"global_message\":\"This field is required\"}},\"names[middle_name]\":{\"required\":{\"value\":false,\"message\":\"This field is required\",\"global\":false,\"global_message\":\"This field is required\"}},\"names[last_name]\":{\"required\":{\"value\":true,\"message\":\"This field is required\",\"global\":false,\"global_message\":\"This field is required\"}},\"email\":{\"required\":{\"value\":true,\"message\":\"This field is required\",\"global\":false,\"global_message\":\"This field is required\"},\"email\":{\"value\":true,\"message\":\"This field must contain a valid email\",\"global\":false,\"global_message\":\"This field must contain a valid email\"}},\"input_text\":{\"required\":{\"value\":false,\"message\":\"This field is required\",\"global_message\":\"This field is required\",\"global\":true}},\"message\":{\"required\":{\"value\":true,\"message\":\"This field is required\",\"global\":false,\"global_message\":\"This field is required\"}},\"file-upload\":{\"required\":{\"value\":false,\"message\":\"This field is required\",\"global_message\":\"This field is required\",\"global\":true},\"max_file_size\":{\"value\":5242880,\"_valueFrom\":\"MB\",\"message\":\"Validation fails for maximum file size\",\"global_message\":\"Validation fails for maximum file size\",\"global\":true},\"max_file_count\":{\"value\":1,\"message\":\"Validation fails for maximum file count\",\"global_message\":\"Validation fails for maximum file count\",\"global\":true},\"allowed_file_types\":{\"value\":[\"jpg|jpeg|gif|png|bmp\",\"pdf\",\"doc|ppt|pps|xls|mdb|docx|xlsx|pptx|odt|odp|ods|odg|odc|odb|odf|rtf|txt\"],\"message\":\"Invalid file type\",\"global_message\":\"Invalid file type\",\"global\":true}},\"terms-n-condition\":{\"required\":{\"value\":false,\"message\":\"This field is required\",\"global_message\":\"This field is required\",\"global\":true}},\"g-recaptcha-response\":[]},\"debounce_time\":300};\n                            <\/script>\n            <\/div><\/div><\/div>\n<\/div><\/div>\n","protected":false},"excerpt":{"rendered":"<p>Trabaja con nosotros Nuestros productos son el resultado de la pericia, la experiencia y la dedicaci\u00f3n a nuestro oficio. Las personas de nuestro equipo son la clave de nuestro \u00e9xito. Buscar empleados brillantes y apasionados es nuestra misi\u00f3n<\/p>\n","protected":false},"author":4,"featured_media":4628,"parent":0,"menu_order":36,"comment_status":"closed","ping_status":"closed","template":"","meta":{"_acf_changed":false,"iawp_total_views":31,"footnotes":""},"class_list":["post-5604","page","type-page","status-publish","has-post-thumbnail","hentry"],"blocksy_meta":{"vertical_spacing_source":"custom","styles_descriptor":{"styles":{"desktop":"","tablet":"","mobile":""},"google_fonts":[],"version":6}},"acf":[],"yoast_head":"<!-- This site is optimized with the Yoast SEO plugin v27.4 - https:\/\/yoast.com\/product\/yoast-seo-wordpress\/ -->\n<title>Trabaja con nosotros - Sor\u00ec Italia srl<\/title>\n<meta name=\"robots\" content=\"index, follow, max-snippet:-1, max-image-preview:large, max-video-preview:-1\" \/>\n<link rel=\"canonical\" href=\"https:\/\/soritalia.com\/es\/trabaja-con-nosotros\/\" \/>\n<meta property=\"og:locale\" content=\"es_ES\" \/>\n<meta property=\"og:type\" content=\"article\" \/>\n<meta property=\"og:title\" content=\"Trabaja con nosotros - Sor\u00ec Italia srl\" \/>\n<meta property=\"og:description\" content=\"Trabaja con nosotros Nuestros productos son el resultado de la pericia, la experiencia y la dedicaci\u00f3n a nuestro oficio. Las personas de nuestro equipo son la clave de nuestro \u00e9xito. Buscar empleados brillantes y apasionados es nuestra misi\u00f3n\" \/>\n<meta property=\"og:url\" content=\"https:\/\/soritalia.com\/es\/trabaja-con-nosotros\/\" \/>\n<meta property=\"og:site_name\" content=\"Sor\u00ec Italia srl\" \/>\n<meta property=\"article:modified_time\" content=\"2025-05-30T10:51:15+00:00\" \/>\n<meta property=\"og:image\" content=\"https:\/\/soritalia.com\/wp-content\/uploads\/2024\/08\/1_stabilimento_sori.jpg\" \/>\n\t<meta property=\"og:image:width\" content=\"1000\" \/>\n\t<meta property=\"og:image:height\" content=\"667\" \/>\n\t<meta property=\"og:image:type\" content=\"image\/jpeg\" \/>\n<meta name=\"twitter:card\" content=\"summary_large_image\" \/>\n<script type=\"application\/ld+json\" class=\"yoast-schema-graph\">{\"@context\":\"https:\\\/\\\/schema.org\",\"@graph\":[{\"@type\":\"WebPage\",\"@id\":\"https:\\\/\\\/soritalia.com\\\/es\\\/trabaja-con-nosotros\\\/\",\"url\":\"https:\\\/\\\/soritalia.com\\\/es\\\/trabaja-con-nosotros\\\/\",\"name\":\"Trabaja con nosotros - Sor\u00ec Italia srl\",\"isPartOf\":{\"@id\":\"https:\\\/\\\/soritalia.com\\\/es\\\/#website\"},\"primaryImageOfPage\":{\"@id\":\"https:\\\/\\\/soritalia.com\\\/es\\\/trabaja-con-nosotros\\\/#primaryimage\"},\"image\":{\"@id\":\"https:\\\/\\\/soritalia.com\\\/es\\\/trabaja-con-nosotros\\\/#primaryimage\"},\"thumbnailUrl\":\"https:\\\/\\\/soritalia.com\\\/wp-content\\\/uploads\\\/2024\\\/08\\\/1_stabilimento_sori.jpg\",\"datePublished\":\"2024-08-26T11:49:14+00:00\",\"dateModified\":\"2025-05-30T10:51:15+00:00\",\"breadcrumb\":{\"@id\":\"https:\\\/\\\/soritalia.com\\\/es\\\/trabaja-con-nosotros\\\/#breadcrumb\"},\"inLanguage\":\"es-ES\",\"potentialAction\":[{\"@type\":\"ReadAction\",\"target\":[\"https:\\\/\\\/soritalia.com\\\/es\\\/trabaja-con-nosotros\\\/\"]}]},{\"@type\":\"ImageObject\",\"inLanguage\":\"es-ES\",\"@id\":\"https:\\\/\\\/soritalia.com\\\/es\\\/trabaja-con-nosotros\\\/#primaryimage\",\"url\":\"https:\\\/\\\/soritalia.com\\\/wp-content\\\/uploads\\\/2024\\\/08\\\/1_stabilimento_sori.jpg\",\"contentUrl\":\"https:\\\/\\\/soritalia.com\\\/wp-content\\\/uploads\\\/2024\\\/08\\\/1_stabilimento_sori.jpg\",\"width\":1000,\"height\":667,\"caption\":\"Stabilimento - Sor\u00ec Italia\"},{\"@type\":\"BreadcrumbList\",\"@id\":\"https:\\\/\\\/soritalia.com\\\/es\\\/trabaja-con-nosotros\\\/#breadcrumb\",\"itemListElement\":[{\"@type\":\"ListItem\",\"position\":1,\"name\":\"Home\",\"item\":\"https:\\\/\\\/soritalia.com\\\/es\\\/\"},{\"@type\":\"ListItem\",\"position\":2,\"name\":\"Trabaja con nosotros\"}]},{\"@type\":\"WebSite\",\"@id\":\"https:\\\/\\\/soritalia.com\\\/es\\\/#website\",\"url\":\"https:\\\/\\\/soritalia.com\\\/es\\\/\",\"name\":\"Sor\u00ec Italia\",\"description\":\"Produzioni casearie di Bufala Campana DOP dal 1868\",\"publisher\":{\"@id\":\"https:\\\/\\\/soritalia.com\\\/es\\\/#organization\"},\"potentialAction\":[{\"@type\":\"SearchAction\",\"target\":{\"@type\":\"EntryPoint\",\"urlTemplate\":\"https:\\\/\\\/soritalia.com\\\/es\\\/?s={search_term_string}\"},\"query-input\":{\"@type\":\"PropertyValueSpecification\",\"valueRequired\":true,\"valueName\":\"search_term_string\"}}],\"inLanguage\":\"es-ES\"},{\"@type\":\"Organization\",\"@id\":\"https:\\\/\\\/soritalia.com\\\/es\\\/#organization\",\"name\":\"Sor\u00ec Italia\",\"url\":\"https:\\\/\\\/soritalia.com\\\/es\\\/\",\"logo\":{\"@type\":\"ImageObject\",\"inLanguage\":\"es-ES\",\"@id\":\"https:\\\/\\\/soritalia.com\\\/es\\\/#\\\/schema\\\/logo\\\/image\\\/\",\"url\":\"https:\\\/\\\/soritalia.com\\\/wp-content\\\/uploads\\\/2024\\\/05\\\/Sori-Italia-logo.svg\",\"contentUrl\":\"https:\\\/\\\/soritalia.com\\\/wp-content\\\/uploads\\\/2024\\\/05\\\/Sori-Italia-logo.svg\",\"width\":427,\"height\":390,\"caption\":\"Sor\u00ec Italia\"},\"image\":{\"@id\":\"https:\\\/\\\/soritalia.com\\\/es\\\/#\\\/schema\\\/logo\\\/image\\\/\"},\"sameAs\":[\"https:\\\/\\\/www.instagram.com\\\/sori_italia\\\/\"]}]}<\/script>\n<!-- \/ Yoast SEO plugin. -->","yoast_head_json":{"title":"Trabaja con nosotros - Sor\u00ec Italia srl","robots":{"index":"index","follow":"follow","max-snippet":"max-snippet:-1","max-image-preview":"max-image-preview:large","max-video-preview":"max-video-preview:-1"},"canonical":"https:\/\/soritalia.com\/es\/trabaja-con-nosotros\/","og_locale":"es_ES","og_type":"article","og_title":"Trabaja con nosotros - Sor\u00ec Italia srl","og_description":"Trabaja con nosotros Nuestros productos son el resultado de la pericia, la experiencia y la dedicaci\u00f3n a nuestro oficio. Las personas de nuestro equipo son la clave de nuestro \u00e9xito. Buscar empleados brillantes y apasionados es nuestra misi\u00f3n","og_url":"https:\/\/soritalia.com\/es\/trabaja-con-nosotros\/","og_site_name":"Sor\u00ec Italia srl","article_modified_time":"2025-05-30T10:51:15+00:00","og_image":[{"width":1000,"height":667,"url":"https:\/\/soritalia.com\/wp-content\/uploads\/2024\/08\/1_stabilimento_sori.jpg","type":"image\/jpeg"}],"twitter_card":"summary_large_image","schema":{"@context":"https:\/\/schema.org","@graph":[{"@type":"WebPage","@id":"https:\/\/soritalia.com\/es\/trabaja-con-nosotros\/","url":"https:\/\/soritalia.com\/es\/trabaja-con-nosotros\/","name":"Trabaja con nosotros - Sor\u00ec Italia srl","isPartOf":{"@id":"https:\/\/soritalia.com\/es\/#website"},"primaryImageOfPage":{"@id":"https:\/\/soritalia.com\/es\/trabaja-con-nosotros\/#primaryimage"},"image":{"@id":"https:\/\/soritalia.com\/es\/trabaja-con-nosotros\/#primaryimage"},"thumbnailUrl":"https:\/\/soritalia.com\/wp-content\/uploads\/2024\/08\/1_stabilimento_sori.jpg","datePublished":"2024-08-26T11:49:14+00:00","dateModified":"2025-05-30T10:51:15+00:00","breadcrumb":{"@id":"https:\/\/soritalia.com\/es\/trabaja-con-nosotros\/#breadcrumb"},"inLanguage":"es-ES","potentialAction":[{"@type":"ReadAction","target":["https:\/\/soritalia.com\/es\/trabaja-con-nosotros\/"]}]},{"@type":"ImageObject","inLanguage":"es-ES","@id":"https:\/\/soritalia.com\/es\/trabaja-con-nosotros\/#primaryimage","url":"https:\/\/soritalia.com\/wp-content\/uploads\/2024\/08\/1_stabilimento_sori.jpg","contentUrl":"https:\/\/soritalia.com\/wp-content\/uploads\/2024\/08\/1_stabilimento_sori.jpg","width":1000,"height":667,"caption":"Stabilimento - Sor\u00ec Italia"},{"@type":"BreadcrumbList","@id":"https:\/\/soritalia.com\/es\/trabaja-con-nosotros\/#breadcrumb","itemListElement":[{"@type":"ListItem","position":1,"name":"Home","item":"https:\/\/soritalia.com\/es\/"},{"@type":"ListItem","position":2,"name":"Trabaja con nosotros"}]},{"@type":"WebSite","@id":"https:\/\/soritalia.com\/es\/#website","url":"https:\/\/soritalia.com\/es\/","name":"Sor\u00ec Italia","description":"Produzioni casearie di Bufala Campana DOP dal 1868","publisher":{"@id":"https:\/\/soritalia.com\/es\/#organization"},"potentialAction":[{"@type":"SearchAction","target":{"@type":"EntryPoint","urlTemplate":"https:\/\/soritalia.com\/es\/?s={search_term_string}"},"query-input":{"@type":"PropertyValueSpecification","valueRequired":true,"valueName":"search_term_string"}}],"inLanguage":"es-ES"},{"@type":"Organization","@id":"https:\/\/soritalia.com\/es\/#organization","name":"Sor\u00ec Italia","url":"https:\/\/soritalia.com\/es\/","logo":{"@type":"ImageObject","inLanguage":"es-ES","@id":"https:\/\/soritalia.com\/es\/#\/schema\/logo\/image\/","url":"https:\/\/soritalia.com\/wp-content\/uploads\/2024\/05\/Sori-Italia-logo.svg","contentUrl":"https:\/\/soritalia.com\/wp-content\/uploads\/2024\/05\/Sori-Italia-logo.svg","width":427,"height":390,"caption":"Sor\u00ec Italia"},"image":{"@id":"https:\/\/soritalia.com\/es\/#\/schema\/logo\/image\/"},"sameAs":["https:\/\/www.instagram.com\/sori_italia\/"]}]}},"_links":{"self":[{"href":"https:\/\/soritalia.com\/es\/wp-json\/wp\/v2\/pages\/5604","targetHints":{"allow":["GET"]}}],"collection":[{"href":"https:\/\/soritalia.com\/es\/wp-json\/wp\/v2\/pages"}],"about":[{"href":"https:\/\/soritalia.com\/es\/wp-json\/wp\/v2\/types\/page"}],"author":[{"embeddable":true,"href":"https:\/\/soritalia.com\/es\/wp-json\/wp\/v2\/users\/4"}],"replies":[{"embeddable":true,"href":"https:\/\/soritalia.com\/es\/wp-json\/wp\/v2\/comments?post=5604"}],"version-history":[{"count":0,"href":"https:\/\/soritalia.com\/es\/wp-json\/wp\/v2\/pages\/5604\/revisions"}],"wp:featuredmedia":[{"embeddable":true,"href":"https:\/\/soritalia.com\/es\/wp-json\/wp\/v2\/media\/4628"}],"wp:attachment":[{"href":"https:\/\/soritalia.com\/es\/wp-json\/wp\/v2\/media?parent=5604"}],"curies":[{"name":"wp","href":"https:\/\/api.w.org\/{rel}","templated":true}]}}