{"id":5475,"date":"2024-05-20T15:25:41","date_gmt":"2024-05-20T13:25:41","guid":{"rendered":"https:\/\/soritalia.com\/etablissement\/"},"modified":"2025-06-09T16:25:08","modified_gmt":"2025-06-09T14:25:08","slug":"etablissement","status":"publish","type":"page","link":"https:\/\/soritalia.com\/fr\/etablissement\/","title":{"rendered":"\u00c9tablissement"},"content":{"rendered":"\n<div class=\"wp-block-stackable-columns alignfull stk-block-columns stk-has-bottom-separator stk-block stk-9feb2ef stk-block-background stk--has-background-overlay\" data-block-id=\"9feb2ef\"><style>.stk-9feb2ef {background-image:url(https:\/\/soritalia.com\/wp-content\/uploads\/2024\/05\/sf_footer_cisterna.jpg) !important;min-height:700px !important;align-items:center !important;margin-bottom:0px !important;display:flex !important;}.stk-9feb2ef:before{background-color:#000000 !important;opacity:0.5 !important;}.stk-9feb2ef > .stk-separator__bottom svg{fill:var(--theme-palette-color-6, #dbf0ff) !important;}.stk-9feb2ef > .stk-separator__bottom .stk-separator__wrapper{height:100px !important;}@media screen and (max-width:689px){.stk-9feb2ef > .stk-separator__bottom .stk-separator__wrapper{height:42px !important;}}<\/style><div class=\"stk-row stk-inner-blocks stk-block-content stk-content-align stk-9feb2ef-column\">\n<div class=\"wp-block-stackable-column stk-block-column stk-column stk-block stk-baf348d\" data-v=\"4\" data-block-id=\"baf348d\"><style>.stk-baf348d-inner-blocks{justify-content:center !important;}.stk-baf348d {margin-top:150px !important;}<\/style><div class=\"stk-column-wrapper stk-block-column__content stk-container stk-baf348d-container stk--no-background stk--no-padding\"><div class=\"stk--column-flex stk-block-content stk-inner-blocks stk-baf348d-inner-blocks\">\n<div class=\"wp-block-stackable-heading stk-block-heading stk-block-heading--v2 stk-block stk-1af2a20\" id=\"stabilimento\" data-block-id=\"1af2a20\"><style>.stk-1af2a20 {margin-bottom:0px !important;}.stk-1af2a20 .stk-block-heading__text{font-size:80px !important;color:var(--theme-palette-color-8, #ffffff) !important;}@media screen and (max-width:999px){.stk-1af2a20 .stk-block-heading__text{font-size:50px !important;}}<\/style><h2 class=\"stk-block-heading__text has-text-color has-text-align-center\">\u00c9TABLISSEMENT<\/h2><\/div>\n\n\n\n<div class=\"wp-block-stackable-text stk-block-text stk-block stk-de6676f\" data-block-id=\"de6676f\"><style>.stk-de6676f .stk-block-text__text{font-size:24px !important;color:var(--theme-palette-color-5, #e1e8ed) !important;font-weight:800 !important;}@media screen and (max-width:999px){.stk-de6676f .stk-block-text__text{font-size:24px !important;}}<\/style><p class=\"stk-block-text__text has-text-color has-text-align-center\">Une usine \u00e0 la pointe de la production fromag\u00e8re<\/p><\/div>\n\n\n\n<div class=\"wp-block-stackable-button-group stk-block-button-group stk-block stk-a28f4f2\" data-block-id=\"a28f4f2\"><div class=\"stk-row stk-inner-blocks has-text-align-center stk-block-content stk-button-group\">\n<div class=\"wp-block-stackable-button stk-block-button stk-block stk-84ee89c\" data-block-id=\"84ee89c\"><style>.stk-84ee89c .stk-button{background:var(--theme-palette-color-1, #0c2340) !important;}.stk-84ee89c .stk-button:hover:after{background:var(--theme-palette-color-2, #046fa0) !important;opacity:1 !important;}.stk-84ee89c .stk-button__inner-text{font-size:18px !important;text-transform:uppercase !important;font-family:\"Bebas Neue\", Sans-serif !important;letter-spacing:1px !important;}@media screen and (max-width:999px){.stk-84ee89c .stk-button__inner-text{font-size:18px !important;}}<\/style><a class=\"stk-link stk-button stk--hover-effect-darken\" href=\"\/soritalia\/?page_id=1451\" title=\"Contacts Sori\"><span class=\"stk-button__inner-text\">Contactez nous<\/span><\/a><\/div>\n\n\n\n<div class=\"wp-block-stackable-button stk-block-button stk-block stk-fb697c8\" data-block-id=\"fb697c8\"><style>.stk-fb697c8 .stk-button:hover:after{background:var(--theme-palette-color-4, #192a3d) !important;opacity:1 !important;}.stk-fb697c8 .stk-button__inner-text{font-size:18px !important;text-transform:uppercase !important;font-family:\"Bebas Neue\", Sans-serif !important;letter-spacing:1px !important;}@media screen and (max-width:999px){.stk-fb697c8 .stk-button__inner-text{font-size:18px !important;}}<\/style><a class=\"stk-link stk-button stk--hover-effect-darken\" href=\"\/soritalia\/?page_id=5437\"><span class=\"stk-button__inner-text\">Nos certifications<\/span><\/a><\/div>\n<\/div><\/div>\n<\/div><\/div><\/div>\n<\/div><div class=\"stk-separator stk-separator__bottom\"><div class=\"stk-separator__wrapper\"><svg xmlns=\"http:\/\/www.w3.org\/2000\/svg\" viewBox=\"0 0 1600 200\" class=\"stk-separator__layer-1\" preserveAspectRatio=\"none\" aria-hidden=\"true\"><path class=\"curve-3_svg__st1\" d=\"M-6.7 13.4S456 171.1 876.1 171.1 1606.4 16 1606.4 16v192.6H-6.7V13.4z\"><\/path><\/svg><svg xmlns=\"http:\/\/www.w3.org\/2000\/svg\" viewBox=\"0 0 1600 200\" preserveAspectRatio=\"none\" class=\"stk-separator__layer-2\" aria-hidden=\"true\"><path class=\"curve-3-layer-2_svg__st0\" d=\"M-6.7 35.4s306.3 85.3 726.4 85.3 886.7-87.9 886.7-87.9v175.8H-6.7V35.4z\"><\/path><\/svg><svg xmlns=\"http:\/\/www.w3.org\/2000\/svg\" viewBox=\"0 0 1600 200\" preserveAspectRatio=\"none\" class=\"stk-separator__layer-3\" aria-hidden=\"true\"><path class=\"curve-3-layer-3_svg__st0\" d=\"M-6.7 1.7s531.2 148.6 951.3 148.6S1606.4 16 1606.4 16v192.6H-6.7V1.7z\"><\/path><\/svg><\/div><\/div><\/div>\n\n\n\n<div class=\"wp-block-stackable-columns alignfull stk-block-columns stk-block stk-45f95e6 stk-block-background\" data-block-id=\"45f95e6\"><style>.stk-45f95e6 .stk--block-align-45f95e6{align-items:center !important;}.stk-45f95e6 {background-color:var(--theme-palette-color-6, #dbf0ff) !important;min-height:300px !important;align-items:center !important;margin-bottom:50px !important;display:flex !important;}.stk-45f95e6:before{background-color:var(--theme-palette-color-6, #dbf0ff) !important;}<\/style><div class=\"stk-row stk-inner-blocks has-text-align-left stk--block-align-45f95e6 stk-block-content stk-content-align stk-45f95e6-column\">\n<div class=\"wp-block-stackable-column stk-block-column stk-column stk-block stk-e53b84a\" data-v=\"4\" data-block-id=\"e53b84a\"><div class=\"stk-column-wrapper stk-block-column__content stk-container stk-e53b84a-container stk--no-background stk--no-padding\"><div class=\"stk-block-content stk-inner-blocks stk-e53b84a-inner-blocks\">\n<p class=\"has-text-align-center\">Nich\u00e9e dans la r\u00e9serve naturelle du <strong>Parc r\u00e9gional, au pied du volcan Roccamonfina<\/strong><br>, notre usine est situ\u00e9e au c\u0153ur de la<strong>zone AOP de la Campanie<\/strong>, \u00e0 proximit\u00e9 des fronti\u00e8res avec le Latium et le Molise.<br>Ce centre industriel de pointe dans le <strong>secteur laitier<\/strong> est \u00e9quip\u00e9 d&#8217;installations de production modernes,<br>utilisant les technologies les plus r\u00e9centes.<\/p>\n<\/div><\/div><\/div>\n<\/div><\/div>\n\n\n\n<div class=\"wp-block-stackable-columns stk-block-columns stk-block stk-f1b227d\" data-block-id=\"f1b227d\"><style>.stk-f1b227d {margin-bottom:50px !important;}<\/style><div class=\"stk-row stk-inner-blocks stk-block-content stk-content-align stk-f1b227d-column\">\n<div class=\"wp-block-stackable-column stk-block-column stk-column stk-block stk-3afd890 stk-entrance\" data-v=\"4\" data-block-id=\"3afd890\"><div class=\"stk-column-wrapper stk-block-column__content stk-container stk-3afd890-container stk--no-background stk--no-padding\"><div class=\"stk-block-content stk-inner-blocks stk-3afd890-inner-blocks\">\n<h2 class=\"wp-block-heading\"><strong>Efficacit\u00e9 et qualit\u00e9  <\/strong><\/h2>\n\n\n\n<p>Les installations de traitement, qui constituent une partie essentielle de notre \u00e9tablissement, sont con\u00e7ues pour garantir une <strong>efficacit\u00e9<\/strong>, une <strong>hygi\u00e8ne<\/strong> et une <strong>s\u00e9curit\u00e9<\/strong> maximales \u00e0 chaque \u00e9tape du processus de production.<br><br>L&#8217;\u00e9tablissement de production comprend plus de <strong>cinq mille m\u00e8tres carr\u00e9s d&#8217;espace couvert<\/strong> et <strong>trente mille m\u00e8tres carr\u00e9s d&#8217;espace non couvert.<\/strong><\/p>\n\n\n\n<p>Gr\u00e2ce \u00e0 une organisation optimale de l&#8217;espace et \u00e0 une gestion logistique impeccable, nous maintenons des <strong>normes de qualit\u00e9 \u00e9lev\u00e9es<\/strong> et r\u00e9pondons aux besoins de nos clients en temps voulu et de mani\u00e8re fiable.<\/p>\n<\/div><\/div><\/div>\n\n\n\n<div class=\"wp-block-stackable-column stk-block-column stk-column stk-block stk-4dc4cbc\" data-v=\"4\" data-block-id=\"4dc4cbc\"><div class=\"stk-column-wrapper stk-block-column__content stk-container stk-4dc4cbc-container stk--no-background stk--no-padding\"><div class=\"stk-block-content stk-inner-blocks stk-4dc4cbc-inner-blocks\">\n<div class=\"wp-block-stackable-carousel stk-block-carousel stk--is-slide stk--arrows-justify-space-between stk--arrows-align-center stk-block stk-6a29994\" data-slides-to-show=\"\" data-block-id=\"6a29994\"><div class=\"stk-block-carousel__content-wrapper\"><div class=\"stk-row stk-inner-blocks stk-block-content stk-block-carousel__slider-wrapper stk-content-align stk-6a29994-column\"><div class=\"stk-block-carousel__slider\" role=\"list\" data-autoplay=\"4000\" data-label-slide-of=\"Slide %%d of %%d\">\n<div class=\"wp-block-stackable-column stk-block-column stk-column stk-block stk-a26c279\" data-v=\"4\" data-block-id=\"a26c279\"><div class=\"stk-column-wrapper stk-block-column__content stk-container stk-a26c279-container stk--no-background stk--no-padding\"><div class=\"stk-block-content stk-inner-blocks stk-a26c279-inner-blocks\">\n<div class=\"wp-block-stackable-image stk-block-image stk-block stk-3cc9e00\" data-block-id=\"3cc9e00\"><figure><span class=\"stk-img-wrapper stk-image--shape-stretch stk--has-lightbox\"><img loading=\"lazy\" decoding=\"async\" class=\"stk-img wp-image-1979\" src=\"https:\/\/soritalia.com\/wp-content\/uploads\/2024\/08\/1_stabilimento_sori.jpg\" width=\"1000\" height=\"667\" alt=\"Stabilimento\" srcset=\"https:\/\/soritalia.com\/wp-content\/uploads\/2024\/08\/1_stabilimento_sori.jpg 1000w, https:\/\/soritalia.com\/wp-content\/uploads\/2024\/08\/1_stabilimento_sori-300x200.jpg 300w, https:\/\/soritalia.com\/wp-content\/uploads\/2024\/08\/1_stabilimento_sori-768x512.jpg 768w\" sizes=\"auto, (max-width: 1000px) 100vw, 1000px\" \/><\/span><\/figure><\/div>\n<\/div><\/div><\/div>\n\n\n\n<div class=\"wp-block-stackable-column stk-block-column stk-column stk-block stk-d30dbc7\" data-v=\"4\" data-block-id=\"d30dbc7\"><div class=\"stk-column-wrapper stk-block-column__content stk-container stk-d30dbc7-container stk--no-background stk--no-padding\"><div class=\"stk-block-content stk-inner-blocks stk-d30dbc7-inner-blocks\">\n<figure class=\"wp-block-image size-full\"><img loading=\"lazy\" decoding=\"async\" width=\"1000\" height=\"667\" src=\"https:\/\/soritalia.com\/wp-content\/uploads\/2024\/08\/2_stabilimento_sori.jpg\" alt=\"Stabilimento\" class=\"wp-image-1980\" srcset=\"https:\/\/soritalia.com\/wp-content\/uploads\/2024\/08\/2_stabilimento_sori.jpg 1000w, https:\/\/soritalia.com\/wp-content\/uploads\/2024\/08\/2_stabilimento_sori-300x200.jpg 300w, https:\/\/soritalia.com\/wp-content\/uploads\/2024\/08\/2_stabilimento_sori-768x512.jpg 768w\" sizes=\"auto, (max-width: 1000px) 100vw, 1000px\" \/><\/figure>\n<\/div><\/div><\/div>\n\n\n\n<div class=\"wp-block-stackable-column stk-block-column stk-column stk-block stk-31f2134\" data-v=\"4\" data-block-id=\"31f2134\"><div class=\"stk-column-wrapper stk-block-column__content stk-container stk-31f2134-container stk--no-background stk--no-padding\"><div class=\"stk-block-content stk-inner-blocks stk-31f2134-inner-blocks\">\n<figure class=\"wp-block-image size-full\"><img loading=\"lazy\" decoding=\"async\" width=\"1000\" height=\"667\" src=\"https:\/\/soritalia.com\/wp-content\/uploads\/2024\/08\/3_stabilimento_sori.jpg\" alt=\"Stabilimento\" class=\"wp-image-1981\" srcset=\"https:\/\/soritalia.com\/wp-content\/uploads\/2024\/08\/3_stabilimento_sori.jpg 1000w, https:\/\/soritalia.com\/wp-content\/uploads\/2024\/08\/3_stabilimento_sori-300x200.jpg 300w, https:\/\/soritalia.com\/wp-content\/uploads\/2024\/08\/3_stabilimento_sori-768x512.jpg 768w\" sizes=\"auto, (max-width: 1000px) 100vw, 1000px\" \/><\/figure>\n<\/div><\/div><\/div>\n\n\n\n<div class=\"wp-block-stackable-column stk-block-column stk-column stk-block stk-98d94cc\" data-v=\"4\" data-block-id=\"98d94cc\"><div class=\"stk-column-wrapper stk-block-column__content stk-container stk-98d94cc-container stk--no-background stk--no-padding\"><div class=\"stk-block-content stk-inner-blocks stk-98d94cc-inner-blocks\">\n<figure class=\"wp-block-image size-full\"><img loading=\"lazy\" decoding=\"async\" width=\"1000\" height=\"667\" src=\"https:\/\/soritalia.com\/wp-content\/uploads\/2024\/08\/4_stabilimento_sori.jpg\" alt=\"Stabilimento\" class=\"wp-image-1982\" srcset=\"https:\/\/soritalia.com\/wp-content\/uploads\/2024\/08\/4_stabilimento_sori.jpg 1000w, https:\/\/soritalia.com\/wp-content\/uploads\/2024\/08\/4_stabilimento_sori-300x200.jpg 300w, https:\/\/soritalia.com\/wp-content\/uploads\/2024\/08\/4_stabilimento_sori-768x512.jpg 768w\" sizes=\"auto, (max-width: 1000px) 100vw, 1000px\" \/><\/figure>\n<\/div><\/div><\/div>\n<\/div><\/div><div class=\"stk-block-carousel__dots\" role=\"list\" data-label=\"Slide %%d\"><\/div><\/div><\/div>\n<\/div><\/div><\/div>\n<\/div><\/div>\n\n\n\n<div class=\"wp-block-stackable-columns stk-block-columns stk-block stk-49042f3\" data-block-id=\"49042f3\"><style>.stk-49042f3 {margin-bottom:50px !important;}<\/style><div class=\"stk-row stk-inner-blocks stk-block-content stk-content-align stk-49042f3-column\">\n<div class=\"wp-block-stackable-column stk-block-column stk-column stk-block stk-d23a6fa stk-entrance\" data-v=\"4\" data-block-id=\"d23a6fa\"><div class=\"stk-column-wrapper stk-block-column__content stk-container stk-d23a6fa-container stk--no-background stk--no-padding\"><div class=\"stk-block-content stk-inner-blocks stk-d23a6fa-inner-blocks\">\n<h2 class=\"wp-block-heading has-text-align-right\"><strong>L&#8217;innovation et l&#8217;avenir<\/strong><\/h2>\n\n\n\n<p class=\"has-text-align-right\">Notre installation est le c\u0153ur battant de notre entreprise, o\u00f9 la passion pour la production de fromage fusionne avec l&#8217;<strong>innovation technologique<\/strong> pour cr\u00e9er des produits d&#8217;excellence. Tourn\u00e9s vers l&#8217;avenir, nous pr\u00e9voyons une expansion importante de nos installations afin de r\u00e9pondre \u00e0 la demande croissante de <strong>produits de haute qualit\u00e9<\/strong>. <\/p>\n<\/div><\/div><\/div>\n<\/div><\/div>\n\n\n\n<div class=\"wp-block-stackable-columns alignfull stk-block-columns stk-block stk-49fd15e stk-block-background stk-entrance stk--has-background-overlay\" data-block-id=\"49fd15e\"><style>.stk-49fd15e {background-image:url(https:\/\/soritalia.com\/wp-content\/uploads\/2024\/08\/stabilimento_soritalia.webp) !important;background-attachment:fixed !important;min-height:500px !important;align-items:center !important;margin-bottom:0px !important;display:flex !important;}.stk-49fd15e:before{background-color:#000000 !important;opacity:0.6 !important;}<\/style><div class=\"stk-row stk-inner-blocks has-text-align-center stk-block-content stk-content-align stk-49fd15e-column\">\n<div class=\"wp-block-stackable-column stk-block-column stk-column stk-block stk-5b8fdbf\" data-v=\"4\" data-block-id=\"5b8fdbf\"><div class=\"stk-column-wrapper stk-block-column__content stk-container stk-5b8fdbf-container stk--no-background stk--no-padding\"><div class=\"stk-block-content stk-inner-blocks stk-5b8fdbf-inner-blocks\">\n<h2 class=\"wp-block-heading has-palette-color-8-color has-text-color has-link-color wp-elements-c67e8517d61d917b955feb7a9132d2b1\"><strong>Notre philosophie de production<\/strong><\/h2>\n\n\n\n<p class=\"has-palette-color-8-color has-text-color has-link-color wp-elements-2f4f4ca17de629999dee6cbf6d39b064\">Notre approche de la production fromag\u00e8re se caract\u00e9rise par une attention particuli\u00e8re \u00e0 la <strong>qualit\u00e9<\/strong> et au<strong>savoir-faire<\/strong>, combin\u00e9e \u00e0 une innovation constante. Nous accordons une attention particuli\u00e8re \u00e0 la r\u00e9gion, en s\u00e9lectionnant les meilleures <strong>mati\u00e8res premi\u00e8res locales<\/strong> et en garantissant le <strong>bien-\u00eatre des animaux.<\/strong> Chaque \u00e9tape de notre processus de production est con\u00e7ue pour maintenir des normes de qualit\u00e9 \u00e9lev\u00e9es et respecter les <strong>traditions laiti\u00e8res italiennes<\/strong>.  <\/p>\n<\/div><\/div><\/div>\n<\/div><\/div>\n","protected":false},"excerpt":{"rendered":"<p>\u00c9TABLISSEMENT Une usine \u00e0 la pointe de la production fromag\u00e8re Contactez nous Nos certifications Nich\u00e9e dans la r\u00e9serve naturelle du Parc r\u00e9gional, au pied du volcan Roccamonfina, notre usine est situ\u00e9e au c\u0153ur de lazone AOP de la Campanie, \u00e0 proximit\u00e9 des fronti\u00e8res avec le Latium et le Molise.Ce centre industriel de pointe dans le [&hellip;]<\/p>\n","protected":false},"author":4,"featured_media":3851,"parent":0,"menu_order":143,"comment_status":"closed","ping_status":"closed","template":"","meta":{"_acf_changed":false,"iawp_total_views":17,"footnotes":""},"class_list":["post-5475","page","type-page","status-publish","has-post-thumbnail","hentry"],"blocksy_meta":[],"acf":[],"yoast_head":"<!-- This site is optimized with the Yoast SEO plugin v27.4 - https:\/\/yoast.com\/product\/yoast-seo-wordpress\/ -->\n<title>\u00c9tablissement - Sor\u00ec Italia srl<\/title>\n<meta name=\"robots\" content=\"index, follow, max-snippet:-1, max-image-preview:large, max-video-preview:-1\" \/>\n<link rel=\"canonical\" href=\"https:\/\/soritalia.com\/fr\/etablissement\/\" \/>\n<meta property=\"og:locale\" content=\"fr_FR\" \/>\n<meta property=\"og:type\" content=\"article\" \/>\n<meta property=\"og:title\" content=\"\u00c9tablissement - Sor\u00ec Italia srl\" \/>\n<meta property=\"og:description\" content=\"\u00c9TABLISSEMENT Une usine \u00e0 la pointe de la production fromag\u00e8re Contactez nous Nos certifications Nich\u00e9e dans la r\u00e9serve naturelle du Parc r\u00e9gional, au pied du volcan Roccamonfina, notre usine est situ\u00e9e au c\u0153ur de lazone AOP de la Campanie, \u00e0 proximit\u00e9 des fronti\u00e8res avec le Latium et le Molise.Ce centre industriel de pointe dans le [&hellip;]\" \/>\n<meta property=\"og:url\" content=\"https:\/\/soritalia.com\/fr\/etablissement\/\" \/>\n<meta property=\"og:site_name\" content=\"Sor\u00ec Italia srl\" \/>\n<meta property=\"article:modified_time\" content=\"2025-06-09T14:25:08+00:00\" \/>\n<meta property=\"og:image\" content=\"https:\/\/soritalia.com\/wp-content\/uploads\/2024\/05\/sf_footer_cisterna.jpg\" \/>\n\t<meta property=\"og:image:width\" content=\"2500\" \/>\n\t<meta property=\"og:image:height\" content=\"1548\" \/>\n\t<meta property=\"og:image:type\" content=\"image\/jpeg\" \/>\n<meta name=\"twitter:card\" content=\"summary_large_image\" \/>\n<meta name=\"twitter:label1\" content=\"Est. reading time\" \/>\n\t<meta name=\"twitter:data1\" content=\"3 minutes\" \/>\n<script type=\"application\/ld+json\" class=\"yoast-schema-graph\">{\"@context\":\"https:\\\/\\\/schema.org\",\"@graph\":[{\"@type\":\"WebPage\",\"@id\":\"https:\\\/\\\/soritalia.com\\\/fr\\\/etablissement\\\/\",\"url\":\"https:\\\/\\\/soritalia.com\\\/fr\\\/etablissement\\\/\",\"name\":\"\u00c9tablissement - Sor\u00ec Italia srl\",\"isPartOf\":{\"@id\":\"https:\\\/\\\/soritalia.com\\\/fr\\\/#website\"},\"primaryImageOfPage\":{\"@id\":\"https:\\\/\\\/soritalia.com\\\/fr\\\/etablissement\\\/#primaryimage\"},\"image\":{\"@id\":\"https:\\\/\\\/soritalia.com\\\/fr\\\/etablissement\\\/#primaryimage\"},\"thumbnailUrl\":\"https:\\\/\\\/soritalia.com\\\/wp-content\\\/uploads\\\/2024\\\/05\\\/sf_footer_cisterna.jpg\",\"datePublished\":\"2024-05-20T13:25:41+00:00\",\"dateModified\":\"2025-06-09T14:25:08+00:00\",\"breadcrumb\":{\"@id\":\"https:\\\/\\\/soritalia.com\\\/fr\\\/etablissement\\\/#breadcrumb\"},\"inLanguage\":\"fr-FR\",\"potentialAction\":[{\"@type\":\"ReadAction\",\"target\":[\"https:\\\/\\\/soritalia.com\\\/fr\\\/etablissement\\\/\"]}]},{\"@type\":\"ImageObject\",\"inLanguage\":\"fr-FR\",\"@id\":\"https:\\\/\\\/soritalia.com\\\/fr\\\/etablissement\\\/#primaryimage\",\"url\":\"https:\\\/\\\/soritalia.com\\\/wp-content\\\/uploads\\\/2024\\\/05\\\/sf_footer_cisterna.jpg\",\"contentUrl\":\"https:\\\/\\\/soritalia.com\\\/wp-content\\\/uploads\\\/2024\\\/05\\\/sf_footer_cisterna.jpg\",\"width\":2500,\"height\":1548,\"caption\":\"Sor\u00ec Italia - Sor\u00ec Italia\"},{\"@type\":\"BreadcrumbList\",\"@id\":\"https:\\\/\\\/soritalia.com\\\/fr\\\/etablissement\\\/#breadcrumb\",\"itemListElement\":[{\"@type\":\"ListItem\",\"position\":1,\"name\":\"Home\",\"item\":\"https:\\\/\\\/soritalia.com\\\/fr\\\/\"},{\"@type\":\"ListItem\",\"position\":2,\"name\":\"\u00c9tablissement\"}]},{\"@type\":\"WebSite\",\"@id\":\"https:\\\/\\\/soritalia.com\\\/fr\\\/#website\",\"url\":\"https:\\\/\\\/soritalia.com\\\/fr\\\/\",\"name\":\"Sor\u00ec Italia\",\"description\":\"Produzioni casearie di Bufala Campana DOP dal 1868\",\"publisher\":{\"@id\":\"https:\\\/\\\/soritalia.com\\\/fr\\\/#organization\"},\"potentialAction\":[{\"@type\":\"SearchAction\",\"target\":{\"@type\":\"EntryPoint\",\"urlTemplate\":\"https:\\\/\\\/soritalia.com\\\/fr\\\/?s={search_term_string}\"},\"query-input\":{\"@type\":\"PropertyValueSpecification\",\"valueRequired\":true,\"valueName\":\"search_term_string\"}}],\"inLanguage\":\"fr-FR\"},{\"@type\":\"Organization\",\"@id\":\"https:\\\/\\\/soritalia.com\\\/fr\\\/#organization\",\"name\":\"Sor\u00ec Italia\",\"url\":\"https:\\\/\\\/soritalia.com\\\/fr\\\/\",\"logo\":{\"@type\":\"ImageObject\",\"inLanguage\":\"fr-FR\",\"@id\":\"https:\\\/\\\/soritalia.com\\\/fr\\\/#\\\/schema\\\/logo\\\/image\\\/\",\"url\":\"https:\\\/\\\/soritalia.com\\\/wp-content\\\/uploads\\\/2024\\\/05\\\/Sori-Italia-logo.svg\",\"contentUrl\":\"https:\\\/\\\/soritalia.com\\\/wp-content\\\/uploads\\\/2024\\\/05\\\/Sori-Italia-logo.svg\",\"width\":427,\"height\":390,\"caption\":\"Sor\u00ec Italia\"},\"image\":{\"@id\":\"https:\\\/\\\/soritalia.com\\\/fr\\\/#\\\/schema\\\/logo\\\/image\\\/\"},\"sameAs\":[\"https:\\\/\\\/www.instagram.com\\\/sori_italia\\\/\"]}]}<\/script>\n<!-- \/ Yoast SEO plugin. -->","yoast_head_json":{"title":"\u00c9tablissement - Sor\u00ec Italia srl","robots":{"index":"index","follow":"follow","max-snippet":"max-snippet:-1","max-image-preview":"max-image-preview:large","max-video-preview":"max-video-preview:-1"},"canonical":"https:\/\/soritalia.com\/fr\/etablissement\/","og_locale":"fr_FR","og_type":"article","og_title":"\u00c9tablissement - Sor\u00ec Italia srl","og_description":"\u00c9TABLISSEMENT Une usine \u00e0 la pointe de la production fromag\u00e8re Contactez nous Nos certifications Nich\u00e9e dans la r\u00e9serve naturelle du Parc r\u00e9gional, au pied du volcan Roccamonfina, notre usine est situ\u00e9e au c\u0153ur de lazone AOP de la Campanie, \u00e0 proximit\u00e9 des fronti\u00e8res avec le Latium et le Molise.Ce centre industriel de pointe dans le [&hellip;]","og_url":"https:\/\/soritalia.com\/fr\/etablissement\/","og_site_name":"Sor\u00ec Italia srl","article_modified_time":"2025-06-09T14:25:08+00:00","og_image":[{"width":2500,"height":1548,"url":"https:\/\/soritalia.com\/wp-content\/uploads\/2024\/05\/sf_footer_cisterna.jpg","type":"image\/jpeg"}],"twitter_card":"summary_large_image","twitter_misc":{"Est. reading time":"3 minutes"},"schema":{"@context":"https:\/\/schema.org","@graph":[{"@type":"WebPage","@id":"https:\/\/soritalia.com\/fr\/etablissement\/","url":"https:\/\/soritalia.com\/fr\/etablissement\/","name":"\u00c9tablissement - Sor\u00ec Italia srl","isPartOf":{"@id":"https:\/\/soritalia.com\/fr\/#website"},"primaryImageOfPage":{"@id":"https:\/\/soritalia.com\/fr\/etablissement\/#primaryimage"},"image":{"@id":"https:\/\/soritalia.com\/fr\/etablissement\/#primaryimage"},"thumbnailUrl":"https:\/\/soritalia.com\/wp-content\/uploads\/2024\/05\/sf_footer_cisterna.jpg","datePublished":"2024-05-20T13:25:41+00:00","dateModified":"2025-06-09T14:25:08+00:00","breadcrumb":{"@id":"https:\/\/soritalia.com\/fr\/etablissement\/#breadcrumb"},"inLanguage":"fr-FR","potentialAction":[{"@type":"ReadAction","target":["https:\/\/soritalia.com\/fr\/etablissement\/"]}]},{"@type":"ImageObject","inLanguage":"fr-FR","@id":"https:\/\/soritalia.com\/fr\/etablissement\/#primaryimage","url":"https:\/\/soritalia.com\/wp-content\/uploads\/2024\/05\/sf_footer_cisterna.jpg","contentUrl":"https:\/\/soritalia.com\/wp-content\/uploads\/2024\/05\/sf_footer_cisterna.jpg","width":2500,"height":1548,"caption":"Sor\u00ec Italia - Sor\u00ec Italia"},{"@type":"BreadcrumbList","@id":"https:\/\/soritalia.com\/fr\/etablissement\/#breadcrumb","itemListElement":[{"@type":"ListItem","position":1,"name":"Home","item":"https:\/\/soritalia.com\/fr\/"},{"@type":"ListItem","position":2,"name":"\u00c9tablissement"}]},{"@type":"WebSite","@id":"https:\/\/soritalia.com\/fr\/#website","url":"https:\/\/soritalia.com\/fr\/","name":"Sor\u00ec Italia","description":"Produzioni casearie di Bufala Campana DOP dal 1868","publisher":{"@id":"https:\/\/soritalia.com\/fr\/#organization"},"potentialAction":[{"@type":"SearchAction","target":{"@type":"EntryPoint","urlTemplate":"https:\/\/soritalia.com\/fr\/?s={search_term_string}"},"query-input":{"@type":"PropertyValueSpecification","valueRequired":true,"valueName":"search_term_string"}}],"inLanguage":"fr-FR"},{"@type":"Organization","@id":"https:\/\/soritalia.com\/fr\/#organization","name":"Sor\u00ec Italia","url":"https:\/\/soritalia.com\/fr\/","logo":{"@type":"ImageObject","inLanguage":"fr-FR","@id":"https:\/\/soritalia.com\/fr\/#\/schema\/logo\/image\/","url":"https:\/\/soritalia.com\/wp-content\/uploads\/2024\/05\/Sori-Italia-logo.svg","contentUrl":"https:\/\/soritalia.com\/wp-content\/uploads\/2024\/05\/Sori-Italia-logo.svg","width":427,"height":390,"caption":"Sor\u00ec Italia"},"image":{"@id":"https:\/\/soritalia.com\/fr\/#\/schema\/logo\/image\/"},"sameAs":["https:\/\/www.instagram.com\/sori_italia\/"]}]}},"_links":{"self":[{"href":"https:\/\/soritalia.com\/fr\/wp-json\/wp\/v2\/pages\/5475","targetHints":{"allow":["GET"]}}],"collection":[{"href":"https:\/\/soritalia.com\/fr\/wp-json\/wp\/v2\/pages"}],"about":[{"href":"https:\/\/soritalia.com\/fr\/wp-json\/wp\/v2\/types\/page"}],"author":[{"embeddable":true,"href":"https:\/\/soritalia.com\/fr\/wp-json\/wp\/v2\/users\/4"}],"replies":[{"embeddable":true,"href":"https:\/\/soritalia.com\/fr\/wp-json\/wp\/v2\/comments?post=5475"}],"version-history":[{"count":0,"href":"https:\/\/soritalia.com\/fr\/wp-json\/wp\/v2\/pages\/5475\/revisions"}],"wp:featuredmedia":[{"embeddable":true,"href":"https:\/\/soritalia.com\/fr\/wp-json\/wp\/v2\/media\/3851"}],"wp:attachment":[{"href":"https:\/\/soritalia.com\/fr\/wp-json\/wp\/v2\/media?parent=5475"}],"curies":[{"name":"wp","href":"https:\/\/api.w.org\/{rel}","templated":true}]}}